{"id":941,"date":"2025-07-01T21:53:27","date_gmt":"2025-07-01T19:53:27","guid":{"rendered":"https:\/\/stam.mmkt.dev\/the-facilities\/"},"modified":"2026-02-01T23:45:56","modified_gmt":"2026-02-01T22:45:56","slug":"the-facilities","status":"publish","type":"page","link":"https:\/\/www.fundacio-stampfli.org\/en\/the-facilities\/","title":{"rendered":""},"content":{"rendered":"<style>.kb-row-layout-id177_2944c8-2d > .kt-row-column-wrap{align-content:start;}:where(.kb-row-layout-id177_2944c8-2d > .kt-row-column-wrap) > .wp-block-kadence-column{justify-content:start;}.kb-row-layout-id177_2944c8-2d > .kt-row-column-wrap{column-gap:120px;row-gap:var(--global-kb-gap-md, 2rem);padding-bottom:var(--global-kb-spacing-xl, 4rem);grid-template-columns:repeat(2, minmax(0, 1fr));}.kb-row-layout-id177_2944c8-2d > .kt-row-layout-overlay{opacity:0.30;}@media all and (max-width: 1024px){.kb-row-layout-id177_2944c8-2d > .kt-row-column-wrap{grid-template-columns:repeat(2, minmax(0, 1fr));}}@media all and (max-width: 767px){.kb-row-layout-id177_2944c8-2d > .kt-row-column-wrap{grid-template-columns:minmax(0, 1fr);}}<\/style><div class=\"kb-row-layout-wrap kb-row-layout-id177_2944c8-2d alignnone wp-block-kadence-rowlayout\"><div class=\"kt-row-column-wrap kt-has-2-columns kt-row-layout-equal kt-tab-layout-inherit kt-mobile-layout-row kt-row-valign-top\">\n<style>.kadence-column177_a1aadd-f4 > .kt-inside-inner-col,.kadence-column177_a1aadd-f4 > .kt-inside-inner-col:before{border-top-left-radius:0px;border-top-right-radius:0px;border-bottom-right-radius:0px;border-bottom-left-radius:0px;}.kadence-column177_a1aadd-f4 > .kt-inside-inner-col{column-gap:var(--global-kb-gap-sm, 1rem);}.kadence-column177_a1aadd-f4 > .kt-inside-inner-col{flex-direction:column;}.kadence-column177_a1aadd-f4 > .kt-inside-inner-col > .aligncenter{width:100%;}.kadence-column177_a1aadd-f4 > .kt-inside-inner-col:before{opacity:0.3;}.kadence-column177_a1aadd-f4{position:relative;}@media all and (max-width: 1024px){.kadence-column177_a1aadd-f4 > .kt-inside-inner-col{flex-direction:column;justify-content:center;}}@media all and (max-width: 767px){.kadence-column177_a1aadd-f4 > .kt-inside-inner-col{flex-direction:column;justify-content:center;}}<\/style>\n<div class=\"wp-block-kadence-column kadence-column177_a1aadd-f4\"><div class=\"kt-inside-inner-col\"><style>.wp-block-kadence-advancedheading.kt-adv-heading177_3bcc3f-9d, .wp-block-kadence-advancedheading.kt-adv-heading177_3bcc3f-9d[data-kb-block=\"kb-adv-heading177_3bcc3f-9d\"]{margin-top:var(--global-kb-spacing-xs, 1rem);font-style:normal;}.wp-block-kadence-advancedheading.kt-adv-heading177_3bcc3f-9d mark.kt-highlight, .wp-block-kadence-advancedheading.kt-adv-heading177_3bcc3f-9d[data-kb-block=\"kb-adv-heading177_3bcc3f-9d\"] mark.kt-highlight{font-style:normal;color:#f76a0c;-webkit-box-decoration-break:clone;box-decoration-break:clone;padding-top:0px;padding-right:0px;padding-bottom:0px;padding-left:0px;}.wp-block-kadence-advancedheading.kt-adv-heading177_3bcc3f-9d img.kb-inline-image, .wp-block-kadence-advancedheading.kt-adv-heading177_3bcc3f-9d[data-kb-block=\"kb-adv-heading177_3bcc3f-9d\"] img.kb-inline-image{width:150px;vertical-align:baseline;}<\/style>\n<h2 class=\"kt-adv-heading177_3bcc3f-9d wp-block-kadence-advancedheading\" data-kb-block=\"kb-adv-heading177_3bcc3f-9d\">The facilities<\/h2>\n\n\n\n<p>The Foundation has a surface area of 940 m\u00b2, including services and facilities, of which 684 m\u00b2 are exhibition space.<\/p>\n\n\n\n<p>In 2011, the St\u00e4mpfli-Contemporary Art Foundation opened its doors exhibiting part of its collection of works in the building of the old Fish Market of Sitges, located at Pla\u00e7a de l\u2019Ajuntament 13, the interior of which had been completely remodeled. There, two exhibition spaces were located: room 1 at the level of the main entrance from the square, and room 2 on a lower floor at the level of the iconic Carrer d\u2019en Bosc, in the beautiful heart of the oldest Sitges. <\/p>\n\n\n\n<p>In addition, through a well-planned internal connection on the right of the building, room 3 was arranged, on a floor of an adjacent building known as Can Mec, owned by the Foundation.<\/p>\n\n\n\n<p>The collection is formed by 81 works donated by 65 artists of 20 different nationalities, of which 31 were born in France. All have in common having developed the most important part of their career in Paris during the 1960s and 1970s. It was friendship and the close relationship with St\u00e4mpfli that made it possible to form a unique collection in Catalonia with works by those artists and from the years of profound artistic and social renewal in the 20th century.  <\/p>\n\n\n\n<p>Between the inauguration and 2017, temporary exhibitions were held dedicated to artists with works present in the collection. In chronological order: Err\u00f3, Jacques Villegl\u00e9, Miguel Chevalier, Jacques Monory, Peter Knapp, Peter Klasen and Antoni Taul\u00e9. <\/p>\n\n\n\n<p>In 2019 the expansion of the center was inaugurated in the building known as Can Serramalera on Carrer d\u2019en Bosc, adjacent to the Foundation.<\/p>\n\n\n\n<p>Maintaining the historical facades of the building, the 4 floors were preserved, where 3 rooms and a conservation and storage room were built. Room 3 of the original building serves as a connection with the new building, which contains the new rooms A, B, and C, dedicated to the 3 fundamental periods of St\u00e4mpfli\u2019s artistic career, from the 1960s to the first decade of the 21st century.  <\/p>\n\n\n\n<p><strong>Fundaci\u00f3 S\u00e4mpfli \u2013 Art Contemporani<\/strong><br\/>Pla\u00e7a de l\u2019Ajuntament, 13<br\/>08870 Sitges<br\/>Barcelona (Catalunya)<\/p>\n\n\n\n<p>Informaci\u00f3:<br\/>Tel. 93 894 03 64<br\/><a href=\"mailto:m.sitges@diba.cat\">m.sitges@diba.cat<\/a><\/p>\n<\/div><\/div>\n\n\n<style>.kadence-column177_ff367e-9c > .kt-inside-inner-col,.kadence-column177_ff367e-9c > .kt-inside-inner-col:before{border-top-left-radius:0px;border-top-right-radius:0px;border-bottom-right-radius:0px;border-bottom-left-radius:0px;}.kadence-column177_ff367e-9c > .kt-inside-inner-col{column-gap:var(--global-kb-gap-sm, 1rem);}.kadence-column177_ff367e-9c > .kt-inside-inner-col{flex-direction:column;}.kadence-column177_ff367e-9c > .kt-inside-inner-col > .aligncenter{width:100%;}.kadence-column177_ff367e-9c > .kt-inside-inner-col:before{opacity:0.3;}.kadence-column177_ff367e-9c{position:relative;}@media all and (max-width: 1024px){.kadence-column177_ff367e-9c > .kt-inside-inner-col{flex-direction:column;justify-content:center;}}@media all and (max-width: 767px){.kadence-column177_ff367e-9c > .kt-inside-inner-col{flex-direction:column;justify-content:center;}}<\/style>\n<div class=\"wp-block-kadence-column kadence-column177_ff367e-9c\"><div class=\"kt-inside-inner-col\"><style>.kb-image177_3352e2-96 .kb-image-has-overlay:after{opacity:0.3;}<\/style>\n<figure class=\"wp-block-kadence-image kb-image177_3352e2-96 size-full\"><img loading=\"lazy\" decoding=\"async\" width=\"1042\" height=\"510\" src=\"https:\/\/www.fundacio-stampfli.org\/wp-content\/uploads\/2025\/07\/instal4.jpg\" alt=\"\" class=\"kb-img wp-image-413\" srcset=\"https:\/\/www.fundacio-stampfli.org\/wp-content\/uploads\/2025\/07\/instal4.jpg 1042w, https:\/\/www.fundacio-stampfli.org\/wp-content\/uploads\/2025\/07\/instal4-300x147.jpg 300w, https:\/\/www.fundacio-stampfli.org\/wp-content\/uploads\/2025\/07\/instal4-1024x501.jpg 1024w, https:\/\/www.fundacio-stampfli.org\/wp-content\/uploads\/2025\/07\/instal4-768x376.jpg 768w\" sizes=\"auto, (max-width: 1042px) 100vw, 1042px\" \/><\/figure>\n\n\n<style>.kb-image177_8c9b4c-de .kb-image-has-overlay:after{opacity:0.3;}<\/style>\n<figure class=\"wp-block-kadence-image kb-image177_8c9b4c-de size-full\"><img loading=\"lazy\" decoding=\"async\" width=\"1072\" height=\"425\" src=\"https:\/\/www.fundacio-stampfli.org\/wp-content\/uploads\/2025\/07\/instal2.jpg\" alt=\"\" class=\"kb-img wp-image-414\" srcset=\"https:\/\/www.fundacio-stampfli.org\/wp-content\/uploads\/2025\/07\/instal2.jpg 1072w, https:\/\/www.fundacio-stampfli.org\/wp-content\/uploads\/2025\/07\/instal2-300x119.jpg 300w, https:\/\/www.fundacio-stampfli.org\/wp-content\/uploads\/2025\/07\/instal2-1024x406.jpg 1024w, https:\/\/www.fundacio-stampfli.org\/wp-content\/uploads\/2025\/07\/instal2-768x304.jpg 768w\" sizes=\"auto, (max-width: 1072px) 100vw, 1072px\" \/><\/figure>\n\n\n<style>.kb-image177_7cf230-b0 .kb-image-has-overlay:after{opacity:0.3;}<\/style>\n<figure class=\"wp-block-kadence-image kb-image177_7cf230-b0 size-full\"><img loading=\"lazy\" decoding=\"async\" width=\"1233\" height=\"572\" src=\"https:\/\/www.fundacio-stampfli.org\/wp-content\/uploads\/2025\/07\/instal3.jpg\" alt=\"\" class=\"kb-img wp-image-415\" srcset=\"https:\/\/www.fundacio-stampfli.org\/wp-content\/uploads\/2025\/07\/instal3.jpg 1233w, https:\/\/www.fundacio-stampfli.org\/wp-content\/uploads\/2025\/07\/instal3-300x139.jpg 300w, https:\/\/www.fundacio-stampfli.org\/wp-content\/uploads\/2025\/07\/instal3-1024x475.jpg 1024w, https:\/\/www.fundacio-stampfli.org\/wp-content\/uploads\/2025\/07\/instal3-768x356.jpg 768w\" sizes=\"auto, (max-width: 1233px) 100vw, 1233px\" \/><\/figure>\n<\/div><\/div>\n\n<\/div><\/div>\n<p><\/p>\n","protected":false},"excerpt":{"rendered":"<p>The facilities The Foundation has a surface area of 940 m\u00b2, including services and facilities, of which 684 m\u00b2 are exhibition space. In 2011, the St\u00e4mpfli-Contemporary Art Foundation opened its doors exhibiting part of its collection of works in the building of the old Fish Market of Sitges, located at Pla\u00e7a de l\u2019Ajuntament 13, the&#8230;<\/p>\n","protected":false},"author":1,"featured_media":0,"parent":0,"menu_order":0,"comment_status":"closed","ping_status":"closed","template":"","meta":{"_acf_changed":false,"inline_featured_image":false,"_kad_blocks_custom_css":"","_kad_blocks_head_custom_js":"","_kad_blocks_body_custom_js":"","_kad_blocks_footer_custom_js":"","_kad_post_transparent":"","_kad_post_title":"","_kad_post_layout":"","_kad_post_sidebar_id":"","_kad_post_content_style":"","_kad_post_vertical_padding":"","_kad_post_feature":"","_kad_post_feature_position":"","_kad_post_header":false,"_kad_post_footer":false,"_kad_post_classname":"","footnotes":""},"class_list":["post-941","page","type-page","status-publish","hentry"],"acf":[],"yoast_head":"<!-- This site is optimized with the Yoast SEO plugin v26.8 - https:\/\/yoast.com\/product\/yoast-seo-wordpress\/ -->\n<title>- Fundaci\u00f3 St\u00e4mpfli<\/title>\n<meta name=\"robots\" content=\"index, follow, max-snippet:-1, max-image-preview:large, max-video-preview:-1\" \/>\n<link rel=\"canonical\" href=\"https:\/\/www.fundacio-stampfli.org\/en\/the-facilities\/\" \/>\n<meta property=\"og:locale\" content=\"en_US\" \/>\n<meta property=\"og:type\" content=\"article\" \/>\n<meta property=\"og:title\" content=\"- Fundaci\u00f3 St\u00e4mpfli\" \/>\n<meta property=\"og:description\" content=\"The facilities The Foundation has a surface area of 940 m\u00b2, including services and facilities, of which 684 m\u00b2 are exhibition space. In 2011, the St\u00e4mpfli-Contemporary Art Foundation opened its doors exhibiting part of its collection of works in the building of the old Fish Market of Sitges, located at Pla\u00e7a de l\u2019Ajuntament 13, the...\" \/>\n<meta property=\"og:url\" content=\"https:\/\/www.fundacio-stampfli.org\/en\/the-facilities\/\" \/>\n<meta property=\"og:site_name\" content=\"Fundaci\u00f3 St\u00e4mpfli\" \/>\n<meta property=\"article:modified_time\" content=\"2026-02-01T22:45:56+00:00\" \/>\n<meta property=\"og:image\" content=\"https:\/\/www.fundacio-stampfli.org\/wp-content\/uploads\/2025\/07\/instal4.jpg\" \/>\n\t<meta property=\"og:image:width\" content=\"1042\" \/>\n\t<meta property=\"og:image:height\" content=\"510\" \/>\n\t<meta property=\"og:image:type\" content=\"image\/jpeg\" \/>\n<meta name=\"twitter:card\" content=\"summary_large_image\" \/>\n<meta name=\"twitter:label1\" content=\"Est. reading time\" \/>\n\t<meta name=\"twitter:data1\" content=\"3 minutes\" \/>\n<script type=\"application\/ld+json\" class=\"yoast-schema-graph\">{\"@context\":\"https:\/\/schema.org\",\"@graph\":[{\"@type\":\"WebPage\",\"@id\":\"https:\/\/www.fundacio-stampfli.org\/en\/the-facilities\/\",\"url\":\"https:\/\/www.fundacio-stampfli.org\/en\/the-facilities\/\",\"name\":\"- Fundaci\u00f3 St\u00e4mpfli\",\"isPartOf\":{\"@id\":\"https:\/\/www.fundacio-stampfli.org\/en\/#website\"},\"primaryImageOfPage\":{\"@id\":\"https:\/\/www.fundacio-stampfli.org\/en\/the-facilities\/#primaryimage\"},\"image\":{\"@id\":\"https:\/\/www.fundacio-stampfli.org\/en\/the-facilities\/#primaryimage\"},\"thumbnailUrl\":\"https:\/\/www.fundacio-stampfli.org\/wp-content\/uploads\/2025\/07\/instal4.jpg\",\"datePublished\":\"2025-07-01T19:53:27+00:00\",\"dateModified\":\"2026-02-01T22:45:56+00:00\",\"inLanguage\":\"en-US\",\"potentialAction\":[{\"@type\":\"ReadAction\",\"target\":[\"https:\/\/www.fundacio-stampfli.org\/en\/the-facilities\/\"]}]},{\"@type\":\"ImageObject\",\"inLanguage\":\"en-US\",\"@id\":\"https:\/\/www.fundacio-stampfli.org\/en\/the-facilities\/#primaryimage\",\"url\":\"https:\/\/www.fundacio-stampfli.org\/wp-content\/uploads\/2025\/07\/instal4.jpg\",\"contentUrl\":\"https:\/\/www.fundacio-stampfli.org\/wp-content\/uploads\/2025\/07\/instal4.jpg\"},{\"@type\":\"WebSite\",\"@id\":\"https:\/\/www.fundacio-stampfli.org\/en\/#website\",\"url\":\"https:\/\/www.fundacio-stampfli.org\/en\/\",\"name\":\"Fundaci\u00f3 St\u00e4mpfli\",\"description\":\"\",\"publisher\":{\"@id\":\"https:\/\/www.fundacio-stampfli.org\/en\/#organization\"},\"potentialAction\":[{\"@type\":\"SearchAction\",\"target\":{\"@type\":\"EntryPoint\",\"urlTemplate\":\"https:\/\/www.fundacio-stampfli.org\/en\/?s={search_term_string}\"},\"query-input\":{\"@type\":\"PropertyValueSpecification\",\"valueRequired\":true,\"valueName\":\"search_term_string\"}}],\"inLanguage\":\"en-US\"},{\"@type\":\"Organization\",\"@id\":\"https:\/\/www.fundacio-stampfli.org\/en\/#organization\",\"name\":\"Fundaci\u00f3 St\u00e4mpfli\",\"url\":\"https:\/\/www.fundacio-stampfli.org\/en\/\",\"logo\":{\"@type\":\"ImageObject\",\"inLanguage\":\"en-US\",\"@id\":\"https:\/\/www.fundacio-stampfli.org\/en\/#\/schema\/logo\/image\/\",\"url\":\"https:\/\/www.fundacio-stampfli.org\/wp-content\/uploads\/2025\/07\/logo_fondo.svg\",\"contentUrl\":\"https:\/\/www.fundacio-stampfli.org\/wp-content\/uploads\/2025\/07\/logo_fondo.svg\",\"width\":100,\"height\":100,\"caption\":\"Fundaci\u00f3 St\u00e4mpfli\"},\"image\":{\"@id\":\"https:\/\/www.fundacio-stampfli.org\/en\/#\/schema\/logo\/image\/\"}}]}<\/script>\n<!-- \/ Yoast SEO plugin. -->","yoast_head_json":{"title":"- Fundaci\u00f3 St\u00e4mpfli","robots":{"index":"index","follow":"follow","max-snippet":"max-snippet:-1","max-image-preview":"max-image-preview:large","max-video-preview":"max-video-preview:-1"},"canonical":"https:\/\/www.fundacio-stampfli.org\/en\/the-facilities\/","og_locale":"en_US","og_type":"article","og_title":"- Fundaci\u00f3 St\u00e4mpfli","og_description":"The facilities The Foundation has a surface area of 940 m\u00b2, including services and facilities, of which 684 m\u00b2 are exhibition space. In 2011, the St\u00e4mpfli-Contemporary Art Foundation opened its doors exhibiting part of its collection of works in the building of the old Fish Market of Sitges, located at Pla\u00e7a de l\u2019Ajuntament 13, the...","og_url":"https:\/\/www.fundacio-stampfli.org\/en\/the-facilities\/","og_site_name":"Fundaci\u00f3 St\u00e4mpfli","article_modified_time":"2026-02-01T22:45:56+00:00","og_image":[{"width":1042,"height":510,"url":"https:\/\/www.fundacio-stampfli.org\/wp-content\/uploads\/2025\/07\/instal4.jpg","type":"image\/jpeg"}],"twitter_card":"summary_large_image","twitter_misc":{"Est. reading time":"3 minutes"},"schema":{"@context":"https:\/\/schema.org","@graph":[{"@type":"WebPage","@id":"https:\/\/www.fundacio-stampfli.org\/en\/the-facilities\/","url":"https:\/\/www.fundacio-stampfli.org\/en\/the-facilities\/","name":"- Fundaci\u00f3 St\u00e4mpfli","isPartOf":{"@id":"https:\/\/www.fundacio-stampfli.org\/en\/#website"},"primaryImageOfPage":{"@id":"https:\/\/www.fundacio-stampfli.org\/en\/the-facilities\/#primaryimage"},"image":{"@id":"https:\/\/www.fundacio-stampfli.org\/en\/the-facilities\/#primaryimage"},"thumbnailUrl":"https:\/\/www.fundacio-stampfli.org\/wp-content\/uploads\/2025\/07\/instal4.jpg","datePublished":"2025-07-01T19:53:27+00:00","dateModified":"2026-02-01T22:45:56+00:00","inLanguage":"en-US","potentialAction":[{"@type":"ReadAction","target":["https:\/\/www.fundacio-stampfli.org\/en\/the-facilities\/"]}]},{"@type":"ImageObject","inLanguage":"en-US","@id":"https:\/\/www.fundacio-stampfli.org\/en\/the-facilities\/#primaryimage","url":"https:\/\/www.fundacio-stampfli.org\/wp-content\/uploads\/2025\/07\/instal4.jpg","contentUrl":"https:\/\/www.fundacio-stampfli.org\/wp-content\/uploads\/2025\/07\/instal4.jpg"},{"@type":"WebSite","@id":"https:\/\/www.fundacio-stampfli.org\/en\/#website","url":"https:\/\/www.fundacio-stampfli.org\/en\/","name":"Fundaci\u00f3 St\u00e4mpfli","description":"","publisher":{"@id":"https:\/\/www.fundacio-stampfli.org\/en\/#organization"},"potentialAction":[{"@type":"SearchAction","target":{"@type":"EntryPoint","urlTemplate":"https:\/\/www.fundacio-stampfli.org\/en\/?s={search_term_string}"},"query-input":{"@type":"PropertyValueSpecification","valueRequired":true,"valueName":"search_term_string"}}],"inLanguage":"en-US"},{"@type":"Organization","@id":"https:\/\/www.fundacio-stampfli.org\/en\/#organization","name":"Fundaci\u00f3 St\u00e4mpfli","url":"https:\/\/www.fundacio-stampfli.org\/en\/","logo":{"@type":"ImageObject","inLanguage":"en-US","@id":"https:\/\/www.fundacio-stampfli.org\/en\/#\/schema\/logo\/image\/","url":"https:\/\/www.fundacio-stampfli.org\/wp-content\/uploads\/2025\/07\/logo_fondo.svg","contentUrl":"https:\/\/www.fundacio-stampfli.org\/wp-content\/uploads\/2025\/07\/logo_fondo.svg","width":100,"height":100,"caption":"Fundaci\u00f3 St\u00e4mpfli"},"image":{"@id":"https:\/\/www.fundacio-stampfli.org\/en\/#\/schema\/logo\/image\/"}}]}},"taxonomy_info":[],"featured_image_src_large":false,"author_info":{"display_name":"jordi","author_link":"https:\/\/www.fundacio-stampfli.org\/en\/author\/jordi\/"},"comment_info":0,"_links":{"self":[{"href":"https:\/\/www.fundacio-stampfli.org\/en\/wp-json\/wp\/v2\/pages\/941","targetHints":{"allow":["GET"]}}],"collection":[{"href":"https:\/\/www.fundacio-stampfli.org\/en\/wp-json\/wp\/v2\/pages"}],"about":[{"href":"https:\/\/www.fundacio-stampfli.org\/en\/wp-json\/wp\/v2\/types\/page"}],"author":[{"embeddable":true,"href":"https:\/\/www.fundacio-stampfli.org\/en\/wp-json\/wp\/v2\/users\/1"}],"replies":[{"embeddable":true,"href":"https:\/\/www.fundacio-stampfli.org\/en\/wp-json\/wp\/v2\/comments?post=941"}],"version-history":[{"count":1,"href":"https:\/\/www.fundacio-stampfli.org\/en\/wp-json\/wp\/v2\/pages\/941\/revisions"}],"predecessor-version":[{"id":1983,"href":"https:\/\/www.fundacio-stampfli.org\/en\/wp-json\/wp\/v2\/pages\/941\/revisions\/1983"}],"wp:attachment":[{"href":"https:\/\/www.fundacio-stampfli.org\/en\/wp-json\/wp\/v2\/media?parent=941"}],"curies":[{"name":"wp","href":"https:\/\/api.w.org\/{rel}","templated":true}]}}