{"id":951,"date":"2025-07-01T21:53:18","date_gmt":"2025-07-01T19:53:18","guid":{"rendered":"https:\/\/stam.mmkt.dev\/la-fundacion\/"},"modified":"2026-01-29T12:19:56","modified_gmt":"2026-01-29T11:19:56","slug":"la-fundacion","status":"publish","type":"page","link":"https:\/\/www.fundacio-stampfli.org\/es\/la-fundacion\/","title":{"rendered":"La Fundaci\u00f3n"},"content":{"rendered":"<style>.kb-row-layout-id175_c11f62-04 > .kt-row-column-wrap{align-content:start;}:where(.kb-row-layout-id175_c11f62-04 > .kt-row-column-wrap) > .wp-block-kadence-column{justify-content:start;}.kb-row-layout-id175_c11f62-04 > .kt-row-column-wrap{column-gap:120px;row-gap:var(--global-kb-gap-md, 2rem);padding-bottom:var(--global-kb-spacing-xl, 4rem);grid-template-columns:repeat(2, minmax(0, 1fr));}.kb-row-layout-id175_c11f62-04 > .kt-row-layout-overlay{opacity:0.30;}@media all and (max-width: 1024px){.kb-row-layout-id175_c11f62-04 > .kt-row-column-wrap{grid-template-columns:repeat(2, minmax(0, 1fr));}}@media all and (max-width: 767px){.kb-row-layout-id175_c11f62-04 > .kt-row-column-wrap{grid-template-columns:minmax(0, 1fr);}}<\/style><div class=\"kb-row-layout-wrap kb-row-layout-id175_c11f62-04 alignnone wp-block-kadence-rowlayout\"><div class=\"kt-row-column-wrap kt-has-2-columns kt-row-layout-equal kt-tab-layout-inherit kt-mobile-layout-row kt-row-valign-top\">\n<style>.kadence-column175_280919-e8 > .kt-inside-inner-col,.kadence-column175_280919-e8 > .kt-inside-inner-col:before{border-top-left-radius:0px;border-top-right-radius:0px;border-bottom-right-radius:0px;border-bottom-left-radius:0px;}.kadence-column175_280919-e8 > .kt-inside-inner-col{column-gap:var(--global-kb-gap-sm, 1rem);}.kadence-column175_280919-e8 > .kt-inside-inner-col{flex-direction:column;}.kadence-column175_280919-e8 > .kt-inside-inner-col > .aligncenter{width:100%;}.kadence-column175_280919-e8 > .kt-inside-inner-col:before{opacity:0.3;}.kadence-column175_280919-e8{position:relative;}@media all and (max-width: 1024px){.kadence-column175_280919-e8 > .kt-inside-inner-col{flex-direction:column;justify-content:center;}}@media all and (max-width: 767px){.kadence-column175_280919-e8 > .kt-inside-inner-col{flex-direction:column;justify-content:center;}}<\/style>\n<div class=\"wp-block-kadence-column kadence-column175_280919-e8\"><div class=\"kt-inside-inner-col\"><style>.wp-block-kadence-advancedheading.kt-adv-heading175_8044d2-2e, .wp-block-kadence-advancedheading.kt-adv-heading175_8044d2-2e[data-kb-block=\"kb-adv-heading175_8044d2-2e\"]{margin-top:var(--global-kb-spacing-xs, 1rem);font-style:normal;}.wp-block-kadence-advancedheading.kt-adv-heading175_8044d2-2e mark.kt-highlight, .wp-block-kadence-advancedheading.kt-adv-heading175_8044d2-2e[data-kb-block=\"kb-adv-heading175_8044d2-2e\"] mark.kt-highlight{font-style:normal;color:#f76a0c;-webkit-box-decoration-break:clone;box-decoration-break:clone;padding-top:0px;padding-right:0px;padding-bottom:0px;padding-left:0px;}.wp-block-kadence-advancedheading.kt-adv-heading175_8044d2-2e img.kb-inline-image, .wp-block-kadence-advancedheading.kt-adv-heading175_8044d2-2e[data-kb-block=\"kb-adv-heading175_8044d2-2e\"] img.kb-inline-image{width:150px;vertical-align:baseline;}<\/style>\n<h2 class=\"kt-adv-heading175_8044d2-2e wp-block-kadence-advancedheading\" data-kb-block=\"kb-adv-heading175_8044d2-2e\">La Fundaci\u00f3n<\/h2>\n\n\n\n<p>La Fundaci\u00f3n St\u00e4mpfli est\u00e1 constituida por un patronato, integrado por el mismo matrimonio, Pere y Anna Maria St\u00e4mpfli, y el notario Llu\u00eds Jou, exdirector de Pol\u00edtica Ling\u00fc\u00edstica de la Generalitat. Al mismo tiempo, cuenta con un Consejo Asesor formado por Serge Lemoine, exdirector del Orsay; Henry-Claude Cousseau, exdirector de la \u00c9cole Nationale Sup\u00e9rieure des Beaux Arts de Par\u00eds; el cr\u00edtico de arte Daniel Giralt-Miracle, exdirector del Museo de Arte Contempor\u00e1neo de Catalu\u00f1a, y el propio Llu\u00eds Jou. <\/p>\n\n\n\n<p>La creaci\u00f3n de la Fundaci\u00f3n, la inauguraci\u00f3n de la exposici\u00f3n de su colecci\u00f3n inicial y la construcci\u00f3n del futuro Museo de Arte Contempor\u00e1neo suponen, por su dimensi\u00f3n art\u00edstica y por su perfil filantr\u00f3pico, un hecho de una relevancia extraordinaria en la trayectoria cultural de Sitges. La nueva colecci\u00f3n relanza la capitalidad que en este terreno ha ejercido esta poblaci\u00f3n desde hace m\u00e1s de cien a\u00f1os y se suma a las reconocidas del Romanticismo, el Modernismo y el Noucentismo. <\/p>\n\n\n\n<p>Peter St\u00e4mpfli fue nombrado Hijo Adoptivo de Sitges en 2004. La activa vinculaci\u00f3n que el matrimonio ha mantenido con esta poblaci\u00f3n se remonta a 1977, cuando organizaron las primeras Fiestas de la calle d\u2019en Bosc, donde tienen su residencia en Sitges, que comparten con Par\u00eds. Desde entonces, los St\u00e4mpfli han llevado a cabo constantes iniciativas culturales y de mecenazgo en la villa.  <\/p>\n\n\n\n<p>Peter St\u00e4mpfli es un artista conocido, valorado y cotizado especialmente en Francia, Suiza, B\u00e9lgica y Estados Unidos. Su obra forma parte de las colecciones p\u00fablicas y privadas m\u00e1s destacadas de Europa, Estados Unidos, Jap\u00f3n y Corea. Ha realizado unas sesenta exposiciones individuales \u2013entre las que se incluyen el Centre Pompidou y la Galerie Nationale Jeu de Paume de Par\u00eds\u2013 y unas 230 colectivas a lo largo de su dilatada trayectoria.  <\/p>\n\n\n\n<p>El cat\u00e1logo de la Fundaci\u00f3n, realizado con motivo de la exposici\u00f3n de la prefiguraci\u00f3n de la colecci\u00f3n \u2013en el Edificio Miramar, en 2010\u2013 fue realizado por Pascal Le Thorel y editado conjuntamente con el Ayuntamiento de Sitges.<\/p>\n\n\n\n<p class=\"has-theme-palette-1-color has-text-color has-link-color wp-elements-4ec1134fc8f92233a6ddf89c414803e1\"><a href=\"https:\/\/www.fundacio-stampfli.org\/es\/como-nacio-la-fundacio-stampfli\/\"><strong>C\u00f3mo naci\u00f3 la Fundaci\u00f3 St\u00e4mpfli<\/strong><\/a><\/p>\n\n\n\n<p><a href=\"https:\/\/www.fundacio-stampfli.org\/es\/cronologia-de-las-actividades-de-la-fundacion\/\"><strong>Cronolog\u00eda de las actividades de la Fundaci\u00f3<\/strong><\/a><\/p>\n\n\n\n<p><strong>Fundaci\u00f3 S\u00e4mpfli \u2013 Art Contemporani<\/strong><br\/>Pla\u00e7a de l\u2019Ajuntament, 13<br\/>08870 Sitges<br\/>Barcelona (Catalunya)<\/p>\n\n\n\n<p>Informaci\u00f3n:<br\/>Tel. 93 894 03 64<br\/><a href=\"mailto:info@fundacio-stampfli.org\">info@fundacio-stampfli.org<\/a><\/p>\n<\/div><\/div>\n\n\n<style>.kadence-column175_d1b278-27 > .kt-inside-inner-col,.kadence-column175_d1b278-27 > .kt-inside-inner-col:before{border-top-left-radius:0px;border-top-right-radius:0px;border-bottom-right-radius:0px;border-bottom-left-radius:0px;}.kadence-column175_d1b278-27 > .kt-inside-inner-col{column-gap:var(--global-kb-gap-sm, 1rem);}.kadence-column175_d1b278-27 > .kt-inside-inner-col{flex-direction:column;}.kadence-column175_d1b278-27 > .kt-inside-inner-col > .aligncenter{width:100%;}.kadence-column175_d1b278-27 > .kt-inside-inner-col:before{opacity:0.3;}.kadence-column175_d1b278-27{position:relative;}@media all and (max-width: 1024px){.kadence-column175_d1b278-27 > .kt-inside-inner-col{flex-direction:column;justify-content:center;}}@media all and (max-width: 767px){.kadence-column175_d1b278-27 > .kt-inside-inner-col{flex-direction:column;justify-content:center;}}<\/style>\n<div class=\"wp-block-kadence-column kadence-column175_d1b278-27\"><div class=\"kt-inside-inner-col\"><style>.kb-image175_e878b5-de .kb-image-has-overlay:after{opacity:0.3;}<\/style>\n<figure class=\"wp-block-kadence-image kb-image175_e878b5-de size-full\"><img loading=\"lazy\" decoding=\"async\" width=\"1029\" height=\"683\" src=\"https:\/\/www.fundacio-stampfli.org\/wp-content\/uploads\/2025\/07\/LaFundacio.jpg\" alt=\"\" class=\"kb-img wp-image-407\" srcset=\"https:\/\/www.fundacio-stampfli.org\/wp-content\/uploads\/2025\/07\/LaFundacio.jpg 1029w, https:\/\/www.fundacio-stampfli.org\/wp-content\/uploads\/2025\/07\/LaFundacio-300x199.jpg 300w, https:\/\/www.fundacio-stampfli.org\/wp-content\/uploads\/2025\/07\/LaFundacio-1024x680.jpg 1024w, https:\/\/www.fundacio-stampfli.org\/wp-content\/uploads\/2025\/07\/LaFundacio-768x510.jpg 768w\" sizes=\"auto, (max-width: 1029px) 100vw, 1029px\" \/><\/figure>\n\n\n<style>.kb-image175_54aa83-d3 .kb-image-has-overlay:after{opacity:0.3;}<\/style>\n<figure class=\"wp-block-kadence-image kb-image175_54aa83-d3 size-full\"><img loading=\"lazy\" decoding=\"async\" width=\"2560\" height=\"1441\" src=\"https:\/\/www.fundacio-stampfli.org\/wp-content\/uploads\/2025\/07\/Foto1-scaled.jpg\" alt=\"\" class=\"kb-img wp-image-378\" srcset=\"https:\/\/www.fundacio-stampfli.org\/wp-content\/uploads\/2025\/07\/Foto1-scaled.jpg 2560w, https:\/\/www.fundacio-stampfli.org\/wp-content\/uploads\/2025\/07\/Foto1-300x169.jpg 300w, https:\/\/www.fundacio-stampfli.org\/wp-content\/uploads\/2025\/07\/Foto1-1024x577.jpg 1024w, https:\/\/www.fundacio-stampfli.org\/wp-content\/uploads\/2025\/07\/Foto1-768x432.jpg 768w, https:\/\/www.fundacio-stampfli.org\/wp-content\/uploads\/2025\/07\/Foto1-1536x865.jpg 1536w, https:\/\/www.fundacio-stampfli.org\/wp-content\/uploads\/2025\/07\/Foto1-2048x1153.jpg 2048w\" sizes=\"auto, (max-width: 2560px) 100vw, 2560px\" \/><\/figure>\n\n\n<style>.kb-image175_ee7ca6-29 .kb-image-has-overlay:after{opacity:0.3;}<\/style>\n<figure class=\"wp-block-kadence-image kb-image175_ee7ca6-29 size-full\"><img loading=\"lazy\" decoding=\"async\" width=\"1600\" height=\"1067\" src=\"https:\/\/www.fundacio-stampfli.org\/wp-content\/uploads\/2025\/07\/I8A5022.jpg\" alt=\"\" class=\"kb-img wp-image-162\" srcset=\"https:\/\/www.fundacio-stampfli.org\/wp-content\/uploads\/2025\/07\/I8A5022.jpg 1600w, https:\/\/www.fundacio-stampfli.org\/wp-content\/uploads\/2025\/07\/I8A5022-300x200.jpg 300w, https:\/\/www.fundacio-stampfli.org\/wp-content\/uploads\/2025\/07\/I8A5022-1024x683.jpg 1024w, https:\/\/www.fundacio-stampfli.org\/wp-content\/uploads\/2025\/07\/I8A5022-768x512.jpg 768w, https:\/\/www.fundacio-stampfli.org\/wp-content\/uploads\/2025\/07\/I8A5022-1536x1024.jpg 1536w\" sizes=\"auto, (max-width: 1600px) 100vw, 1600px\" \/><\/figure>\n<\/div><\/div>\n\n<\/div><\/div>\n<p><\/p>\n","protected":false},"excerpt":{"rendered":"<p>La Fundaci\u00f3n La Fundaci\u00f3n St\u00e4mpfli est\u00e1 constituida por un patronato, integrado por el mismo matrimonio, Pere y Anna Maria St\u00e4mpfli, y el notario Llu\u00eds Jou, exdirector de Pol\u00edtica Ling\u00fc\u00edstica de la Generalitat. Al mismo tiempo, cuenta con un Consejo Asesor formado por Serge Lemoine, exdirector del Orsay; Henry-Claude Cousseau, exdirector de la \u00c9cole Nationale Sup\u00e9rieure&#8230;<\/p>\n","protected":false},"author":1,"featured_media":0,"parent":0,"menu_order":0,"comment_status":"closed","ping_status":"closed","template":"","meta":{"_acf_changed":false,"inline_featured_image":false,"_kad_blocks_custom_css":"","_kad_blocks_head_custom_js":"","_kad_blocks_body_custom_js":"","_kad_blocks_footer_custom_js":"","_kad_post_transparent":"","_kad_post_title":"hide","_kad_post_layout":"","_kad_post_sidebar_id":"","_kad_post_content_style":"","_kad_post_vertical_padding":"","_kad_post_feature":"","_kad_post_feature_position":"","_kad_post_header":false,"_kad_post_footer":false,"_kad_post_classname":"","footnotes":""},"class_list":["post-951","page","type-page","status-publish","hentry"],"acf":[],"yoast_head":"<!-- This site is optimized with the Yoast SEO plugin v26.8 - https:\/\/yoast.com\/product\/yoast-seo-wordpress\/ -->\n<title>La Fundaci\u00f3n - Fundaci\u00f3 St\u00e4mpfli<\/title>\n<meta name=\"robots\" content=\"index, follow, max-snippet:-1, max-image-preview:large, max-video-preview:-1\" \/>\n<link rel=\"canonical\" href=\"https:\/\/www.fundacio-stampfli.org\/es\/la-fundacion\/\" \/>\n<meta property=\"og:locale\" content=\"es_ES\" \/>\n<meta property=\"og:type\" content=\"article\" \/>\n<meta property=\"og:title\" content=\"La Fundaci\u00f3n - Fundaci\u00f3 St\u00e4mpfli\" \/>\n<meta property=\"og:description\" content=\"La Fundaci\u00f3n La Fundaci\u00f3n St\u00e4mpfli est\u00e1 constituida por un patronato, integrado por el mismo matrimonio, Pere y Anna Maria St\u00e4mpfli, y el notario Llu\u00eds Jou, exdirector de Pol\u00edtica Ling\u00fc\u00edstica de la Generalitat. Al mismo tiempo, cuenta con un Consejo Asesor formado por Serge Lemoine, exdirector del Orsay; Henry-Claude Cousseau, exdirector de la \u00c9cole Nationale Sup\u00e9rieure...\" \/>\n<meta property=\"og:url\" content=\"https:\/\/www.fundacio-stampfli.org\/es\/la-fundacion\/\" \/>\n<meta property=\"og:site_name\" content=\"Fundaci\u00f3 St\u00e4mpfli\" \/>\n<meta property=\"article:modified_time\" content=\"2026-01-29T11:19:56+00:00\" \/>\n<meta property=\"og:image\" content=\"https:\/\/www.fundacio-stampfli.org\/wp-content\/uploads\/2025\/07\/LaFundacio.jpg\" \/>\n\t<meta property=\"og:image:width\" content=\"1029\" \/>\n\t<meta property=\"og:image:height\" content=\"683\" \/>\n\t<meta property=\"og:image:type\" content=\"image\/jpeg\" \/>\n<meta name=\"twitter:card\" content=\"summary_large_image\" \/>\n<meta name=\"twitter:label1\" content=\"Tiempo de lectura\" \/>\n\t<meta name=\"twitter:data1\" content=\"3 minutos\" \/>\n<script type=\"application\/ld+json\" class=\"yoast-schema-graph\">{\"@context\":\"https:\/\/schema.org\",\"@graph\":[{\"@type\":\"WebPage\",\"@id\":\"https:\/\/www.fundacio-stampfli.org\/es\/la-fundacion\/\",\"url\":\"https:\/\/www.fundacio-stampfli.org\/es\/la-fundacion\/\",\"name\":\"La Fundaci\u00f3n - Fundaci\u00f3 St\u00e4mpfli\",\"isPartOf\":{\"@id\":\"https:\/\/www.fundacio-stampfli.org\/es\/#website\"},\"primaryImageOfPage\":{\"@id\":\"https:\/\/www.fundacio-stampfli.org\/es\/la-fundacion\/#primaryimage\"},\"image\":{\"@id\":\"https:\/\/www.fundacio-stampfli.org\/es\/la-fundacion\/#primaryimage\"},\"thumbnailUrl\":\"https:\/\/www.fundacio-stampfli.org\/wp-content\/uploads\/2025\/07\/LaFundacio.jpg\",\"datePublished\":\"2025-07-01T19:53:18+00:00\",\"dateModified\":\"2026-01-29T11:19:56+00:00\",\"breadcrumb\":{\"@id\":\"https:\/\/www.fundacio-stampfli.org\/es\/la-fundacion\/#breadcrumb\"},\"inLanguage\":\"es\",\"potentialAction\":[{\"@type\":\"ReadAction\",\"target\":[\"https:\/\/www.fundacio-stampfli.org\/es\/la-fundacion\/\"]}]},{\"@type\":\"ImageObject\",\"inLanguage\":\"es\",\"@id\":\"https:\/\/www.fundacio-stampfli.org\/es\/la-fundacion\/#primaryimage\",\"url\":\"https:\/\/www.fundacio-stampfli.org\/wp-content\/uploads\/2025\/07\/LaFundacio.jpg\",\"contentUrl\":\"https:\/\/www.fundacio-stampfli.org\/wp-content\/uploads\/2025\/07\/LaFundacio.jpg\"},{\"@type\":\"BreadcrumbList\",\"@id\":\"https:\/\/www.fundacio-stampfli.org\/es\/la-fundacion\/#breadcrumb\",\"itemListElement\":[{\"@type\":\"ListItem\",\"position\":1,\"name\":\"Inici\",\"item\":\"https:\/\/www.fundacio-stampfli.org\/es\/\"},{\"@type\":\"ListItem\",\"position\":2,\"name\":\"La Fundaci\u00f3n\"}]},{\"@type\":\"WebSite\",\"@id\":\"https:\/\/www.fundacio-stampfli.org\/es\/#website\",\"url\":\"https:\/\/www.fundacio-stampfli.org\/es\/\",\"name\":\"Fundaci\u00f3 St\u00e4mpfli\",\"description\":\"\",\"publisher\":{\"@id\":\"https:\/\/www.fundacio-stampfli.org\/es\/#organization\"},\"potentialAction\":[{\"@type\":\"SearchAction\",\"target\":{\"@type\":\"EntryPoint\",\"urlTemplate\":\"https:\/\/www.fundacio-stampfli.org\/es\/?s={search_term_string}\"},\"query-input\":{\"@type\":\"PropertyValueSpecification\",\"valueRequired\":true,\"valueName\":\"search_term_string\"}}],\"inLanguage\":\"es\"},{\"@type\":\"Organization\",\"@id\":\"https:\/\/www.fundacio-stampfli.org\/es\/#organization\",\"name\":\"Fundaci\u00f3 St\u00e4mpfli\",\"url\":\"https:\/\/www.fundacio-stampfli.org\/es\/\",\"logo\":{\"@type\":\"ImageObject\",\"inLanguage\":\"es\",\"@id\":\"https:\/\/www.fundacio-stampfli.org\/es\/#\/schema\/logo\/image\/\",\"url\":\"https:\/\/www.fundacio-stampfli.org\/wp-content\/uploads\/2025\/07\/logo_fondo.svg\",\"contentUrl\":\"https:\/\/www.fundacio-stampfli.org\/wp-content\/uploads\/2025\/07\/logo_fondo.svg\",\"width\":100,\"height\":100,\"caption\":\"Fundaci\u00f3 St\u00e4mpfli\"},\"image\":{\"@id\":\"https:\/\/www.fundacio-stampfli.org\/es\/#\/schema\/logo\/image\/\"}}]}<\/script>\n<!-- \/ Yoast SEO plugin. -->","yoast_head_json":{"title":"La Fundaci\u00f3n - Fundaci\u00f3 St\u00e4mpfli","robots":{"index":"index","follow":"follow","max-snippet":"max-snippet:-1","max-image-preview":"max-image-preview:large","max-video-preview":"max-video-preview:-1"},"canonical":"https:\/\/www.fundacio-stampfli.org\/es\/la-fundacion\/","og_locale":"es_ES","og_type":"article","og_title":"La Fundaci\u00f3n - Fundaci\u00f3 St\u00e4mpfli","og_description":"La Fundaci\u00f3n La Fundaci\u00f3n St\u00e4mpfli est\u00e1 constituida por un patronato, integrado por el mismo matrimonio, Pere y Anna Maria St\u00e4mpfli, y el notario Llu\u00eds Jou, exdirector de Pol\u00edtica Ling\u00fc\u00edstica de la Generalitat. Al mismo tiempo, cuenta con un Consejo Asesor formado por Serge Lemoine, exdirector del Orsay; Henry-Claude Cousseau, exdirector de la \u00c9cole Nationale Sup\u00e9rieure...","og_url":"https:\/\/www.fundacio-stampfli.org\/es\/la-fundacion\/","og_site_name":"Fundaci\u00f3 St\u00e4mpfli","article_modified_time":"2026-01-29T11:19:56+00:00","og_image":[{"width":1029,"height":683,"url":"https:\/\/www.fundacio-stampfli.org\/wp-content\/uploads\/2025\/07\/LaFundacio.jpg","type":"image\/jpeg"}],"twitter_card":"summary_large_image","twitter_misc":{"Tiempo de lectura":"3 minutos"},"schema":{"@context":"https:\/\/schema.org","@graph":[{"@type":"WebPage","@id":"https:\/\/www.fundacio-stampfli.org\/es\/la-fundacion\/","url":"https:\/\/www.fundacio-stampfli.org\/es\/la-fundacion\/","name":"La Fundaci\u00f3n - Fundaci\u00f3 St\u00e4mpfli","isPartOf":{"@id":"https:\/\/www.fundacio-stampfli.org\/es\/#website"},"primaryImageOfPage":{"@id":"https:\/\/www.fundacio-stampfli.org\/es\/la-fundacion\/#primaryimage"},"image":{"@id":"https:\/\/www.fundacio-stampfli.org\/es\/la-fundacion\/#primaryimage"},"thumbnailUrl":"https:\/\/www.fundacio-stampfli.org\/wp-content\/uploads\/2025\/07\/LaFundacio.jpg","datePublished":"2025-07-01T19:53:18+00:00","dateModified":"2026-01-29T11:19:56+00:00","breadcrumb":{"@id":"https:\/\/www.fundacio-stampfli.org\/es\/la-fundacion\/#breadcrumb"},"inLanguage":"es","potentialAction":[{"@type":"ReadAction","target":["https:\/\/www.fundacio-stampfli.org\/es\/la-fundacion\/"]}]},{"@type":"ImageObject","inLanguage":"es","@id":"https:\/\/www.fundacio-stampfli.org\/es\/la-fundacion\/#primaryimage","url":"https:\/\/www.fundacio-stampfli.org\/wp-content\/uploads\/2025\/07\/LaFundacio.jpg","contentUrl":"https:\/\/www.fundacio-stampfli.org\/wp-content\/uploads\/2025\/07\/LaFundacio.jpg"},{"@type":"BreadcrumbList","@id":"https:\/\/www.fundacio-stampfli.org\/es\/la-fundacion\/#breadcrumb","itemListElement":[{"@type":"ListItem","position":1,"name":"Inici","item":"https:\/\/www.fundacio-stampfli.org\/es\/"},{"@type":"ListItem","position":2,"name":"La Fundaci\u00f3n"}]},{"@type":"WebSite","@id":"https:\/\/www.fundacio-stampfli.org\/es\/#website","url":"https:\/\/www.fundacio-stampfli.org\/es\/","name":"Fundaci\u00f3 St\u00e4mpfli","description":"","publisher":{"@id":"https:\/\/www.fundacio-stampfli.org\/es\/#organization"},"potentialAction":[{"@type":"SearchAction","target":{"@type":"EntryPoint","urlTemplate":"https:\/\/www.fundacio-stampfli.org\/es\/?s={search_term_string}"},"query-input":{"@type":"PropertyValueSpecification","valueRequired":true,"valueName":"search_term_string"}}],"inLanguage":"es"},{"@type":"Organization","@id":"https:\/\/www.fundacio-stampfli.org\/es\/#organization","name":"Fundaci\u00f3 St\u00e4mpfli","url":"https:\/\/www.fundacio-stampfli.org\/es\/","logo":{"@type":"ImageObject","inLanguage":"es","@id":"https:\/\/www.fundacio-stampfli.org\/es\/#\/schema\/logo\/image\/","url":"https:\/\/www.fundacio-stampfli.org\/wp-content\/uploads\/2025\/07\/logo_fondo.svg","contentUrl":"https:\/\/www.fundacio-stampfli.org\/wp-content\/uploads\/2025\/07\/logo_fondo.svg","width":100,"height":100,"caption":"Fundaci\u00f3 St\u00e4mpfli"},"image":{"@id":"https:\/\/www.fundacio-stampfli.org\/es\/#\/schema\/logo\/image\/"}}]}},"taxonomy_info":[],"featured_image_src_large":false,"author_info":{"display_name":"jordi","author_link":"https:\/\/www.fundacio-stampfli.org\/es\/author\/jordi\/"},"comment_info":0,"_links":{"self":[{"href":"https:\/\/www.fundacio-stampfli.org\/es\/wp-json\/wp\/v2\/pages\/951","targetHints":{"allow":["GET"]}}],"collection":[{"href":"https:\/\/www.fundacio-stampfli.org\/es\/wp-json\/wp\/v2\/pages"}],"about":[{"href":"https:\/\/www.fundacio-stampfli.org\/es\/wp-json\/wp\/v2\/types\/page"}],"author":[{"embeddable":true,"href":"https:\/\/www.fundacio-stampfli.org\/es\/wp-json\/wp\/v2\/users\/1"}],"replies":[{"embeddable":true,"href":"https:\/\/www.fundacio-stampfli.org\/es\/wp-json\/wp\/v2\/comments?post=951"}],"version-history":[{"count":2,"href":"https:\/\/www.fundacio-stampfli.org\/es\/wp-json\/wp\/v2\/pages\/951\/revisions"}],"predecessor-version":[{"id":1762,"href":"https:\/\/www.fundacio-stampfli.org\/es\/wp-json\/wp\/v2\/pages\/951\/revisions\/1762"}],"wp:attachment":[{"href":"https:\/\/www.fundacio-stampfli.org\/es\/wp-json\/wp\/v2\/media?parent=951"}],"curies":[{"name":"wp","href":"https:\/\/api.w.org\/{rel}","templated":true}]}}