{"id":956,"date":"2025-07-01T21:53:18","date_gmt":"2025-07-01T19:53:18","guid":{"rendered":"https:\/\/stam.mmkt.dev\/la-fondation\/"},"modified":"2026-02-01T23:47:18","modified_gmt":"2026-02-01T22:47:18","slug":"la-fondation","status":"publish","type":"page","link":"https:\/\/www.fundacio-stampfli.org\/fr\/la-fondation\/","title":{"rendered":""},"content":{"rendered":"<style>.kb-row-layout-id175_c11f62-04 > .kt-row-column-wrap{align-content:start;}:where(.kb-row-layout-id175_c11f62-04 > .kt-row-column-wrap) > .wp-block-kadence-column{justify-content:start;}.kb-row-layout-id175_c11f62-04 > .kt-row-column-wrap{column-gap:120px;row-gap:var(--global-kb-gap-md, 2rem);padding-bottom:var(--global-kb-spacing-xl, 4rem);grid-template-columns:repeat(2, minmax(0, 1fr));}.kb-row-layout-id175_c11f62-04 > .kt-row-layout-overlay{opacity:0.30;}@media all and (max-width: 1024px){.kb-row-layout-id175_c11f62-04 > .kt-row-column-wrap{grid-template-columns:repeat(2, minmax(0, 1fr));}}@media all and (max-width: 767px){.kb-row-layout-id175_c11f62-04 > .kt-row-column-wrap{grid-template-columns:minmax(0, 1fr);}}<\/style><div class=\"kb-row-layout-wrap kb-row-layout-id175_c11f62-04 alignnone wp-block-kadence-rowlayout\"><div class=\"kt-row-column-wrap kt-has-2-columns kt-row-layout-equal kt-tab-layout-inherit kt-mobile-layout-row kt-row-valign-top\">\n<style>.kadence-column175_280919-e8 > .kt-inside-inner-col,.kadence-column175_280919-e8 > .kt-inside-inner-col:before{border-top-left-radius:0px;border-top-right-radius:0px;border-bottom-right-radius:0px;border-bottom-left-radius:0px;}.kadence-column175_280919-e8 > .kt-inside-inner-col{column-gap:var(--global-kb-gap-sm, 1rem);}.kadence-column175_280919-e8 > .kt-inside-inner-col{flex-direction:column;}.kadence-column175_280919-e8 > .kt-inside-inner-col > .aligncenter{width:100%;}.kadence-column175_280919-e8 > .kt-inside-inner-col:before{opacity:0.3;}.kadence-column175_280919-e8{position:relative;}@media all and (max-width: 1024px){.kadence-column175_280919-e8 > .kt-inside-inner-col{flex-direction:column;justify-content:center;}}@media all and (max-width: 767px){.kadence-column175_280919-e8 > .kt-inside-inner-col{flex-direction:column;justify-content:center;}}<\/style>\n<div class=\"wp-block-kadence-column kadence-column175_280919-e8\"><div class=\"kt-inside-inner-col\"><style>.wp-block-kadence-advancedheading.kt-adv-heading175_8044d2-2e, .wp-block-kadence-advancedheading.kt-adv-heading175_8044d2-2e[data-kb-block=\"kb-adv-heading175_8044d2-2e\"]{margin-top:var(--global-kb-spacing-xs, 1rem);font-style:normal;}.wp-block-kadence-advancedheading.kt-adv-heading175_8044d2-2e mark.kt-highlight, .wp-block-kadence-advancedheading.kt-adv-heading175_8044d2-2e[data-kb-block=\"kb-adv-heading175_8044d2-2e\"] mark.kt-highlight{font-style:normal;color:#f76a0c;-webkit-box-decoration-break:clone;box-decoration-break:clone;padding-top:0px;padding-right:0px;padding-bottom:0px;padding-left:0px;}.wp-block-kadence-advancedheading.kt-adv-heading175_8044d2-2e img.kb-inline-image, .wp-block-kadence-advancedheading.kt-adv-heading175_8044d2-2e[data-kb-block=\"kb-adv-heading175_8044d2-2e\"] img.kb-inline-image{width:150px;vertical-align:baseline;}<\/style>\n<h2 class=\"kt-adv-heading175_8044d2-2e wp-block-kadence-advancedheading\" data-kb-block=\"kb-adv-heading175_8044d2-2e\">La Fondation<\/h2>\n\n\n\n<p>La Fondation St\u00e4mpfli est constitu\u00e9e d\u2019un conseil d\u2019administration, compos\u00e9 du m\u00eame couple, Pere et Anna Maria St\u00e4mpfli, et du notaire Llu\u00eds Jou, ancien directeur de la Politique Linguistique de la Generalitat. En m\u00eame temps, elle compte avec un Conseil Consultatif compos\u00e9 de Serge Lemoine, ancien directeur de l\u2019Orsay ; Henry-Claude Cousseau, ancien directeur de l\u2019\u00c9cole Nationale Sup\u00e9rieure des Beaux-Arts de Paris ; le critique d\u2019art Daniel Giralt-Miracle, ancien directeur du Mus\u00e9e d\u2019Art Contemporain de Catalogne, et le propre Llu\u00eds Jou. <\/p>\n\n\n\n<p>La cr\u00e9ation de la Fondation, l\u2019inauguration de l\u2019exposition de sa collection initiale et la construction du futur Mus\u00e9e d\u2019Art Contemporain repr\u00e9sentent, par leur dimension artistique et par leur profil philanthropique, un fait d\u2019une importance extraordinaire dans le parcours culturel de Sitges. La nouvelle collection relance la place centrale que cette ville a exerc\u00e9e dans ce domaine depuis plus de cent ans et s\u2019ajoute \u00e0 celles reconnues du Romantisme, du Modernisme et du Noucentisme. <\/p>\n\n\n\n<p>Peter St\u00e4mpfli a \u00e9t\u00e9 nomm\u00e9 Fils Adoptif de Sitges en 2004. L\u2019attachement actif que le couple a maintenu avec cette ville remonte \u00e0 1977, lorsqu\u2019ils ont organis\u00e9 les premi\u00e8res F\u00eates de la rue d\u2019en Bosc, o\u00f9 ils ont leur r\u00e9sidence \u00e0 Sitges, qu\u2019ils partagent avec Paris. Depuis lors, les St\u00e4mpfli ont men\u00e9 des initiatives culturelles et de m\u00e9c\u00e9nat constantes dans la ville.  <\/p>\n\n\n\n<p>Peter St\u00e4mpfli est un artiste connu, estim\u00e9 et cot\u00e9 particuli\u00e8rement en France, en Suisse, en Belgique et aux \u00c9tats-Unis. Son \u0153uvre fait partie des collections publiques et priv\u00e9es les plus importantes d\u2019Europe, des \u00c9tats-Unis, du Japon et de la Cor\u00e9e. Il a r\u00e9alis\u00e9 une soixantaine d\u2019expositions individuelles \u2013 parmi lesquelles au Centre Pompidou et \u00e0 la Galerie Nationale Jeu de Paume de Paris \u2013 et environ 230 expositions collectives au cours de sa longue carri\u00e8re.  <\/p>\n\n\n\n<p>Le catalogue de la Fondation, r\u00e9alis\u00e9 \u00e0 l\u2019occasion de l\u2019exposition de la pr\u00e9figuration de la collection \u2013 au B\u00e2timent Miramar, en 2010 \u2013 a \u00e9t\u00e9 r\u00e9alis\u00e9 par Pascal Le Thorel et \u00e9dit\u00e9 conjointement avec la Mairie de Sitges.<\/p>\n\n\n\n<p class=\"has-theme-palette-1-color has-text-color has-link-color wp-elements-db3af3e7310caa350c9108a9445b0a8f\"><a href=\"https:\/\/www.fundacio-stampfli.org\/fr\/comment-est-nee-la-fondation-stampfli\/\"><strong>Comment est n\u00e9e la Fondation St\u00e4mpfli<\/strong><\/a><\/p>\n\n\n\n<p><a href=\"https:\/\/www.fundacio-stampfli.org\/fr\/chronologie-des-activites-de-la-fondation\/\"><strong>Chronologie des activit\u00e9s de la Fondation<\/strong><\/a><\/p>\n\n\n\n<p><strong>Fundaci\u00f3 S\u00e4mpfli \u2013 Art Contemporani<\/strong><br\/>Pla\u00e7a de l\u2019Ajuntament, 13<br\/>08870 Sitges<br\/>Barcelona (Catalunya)<\/p>\n\n\n\n<p>Informaci\u00f3:<br\/>Tel. 93 894 03 64<br\/><a href=\"mailto:info@fundacio-stampfli.org\">info@fundacio-stampfli.org<\/a><\/p>\n<\/div><\/div>\n\n\n<style>.kadence-column175_d1b278-27 > .kt-inside-inner-col,.kadence-column175_d1b278-27 > .kt-inside-inner-col:before{border-top-left-radius:0px;border-top-right-radius:0px;border-bottom-right-radius:0px;border-bottom-left-radius:0px;}.kadence-column175_d1b278-27 > .kt-inside-inner-col{column-gap:var(--global-kb-gap-sm, 1rem);}.kadence-column175_d1b278-27 > .kt-inside-inner-col{flex-direction:column;}.kadence-column175_d1b278-27 > .kt-inside-inner-col > .aligncenter{width:100%;}.kadence-column175_d1b278-27 > .kt-inside-inner-col:before{opacity:0.3;}.kadence-column175_d1b278-27{position:relative;}@media all and (max-width: 1024px){.kadence-column175_d1b278-27 > .kt-inside-inner-col{flex-direction:column;justify-content:center;}}@media all and (max-width: 767px){.kadence-column175_d1b278-27 > .kt-inside-inner-col{flex-direction:column;justify-content:center;}}<\/style>\n<div class=\"wp-block-kadence-column kadence-column175_d1b278-27\"><div class=\"kt-inside-inner-col\"><style>.kb-image175_e878b5-de .kb-image-has-overlay:after{opacity:0.3;}<\/style>\n<figure class=\"wp-block-kadence-image kb-image175_e878b5-de size-full\"><img loading=\"lazy\" decoding=\"async\" width=\"1029\" height=\"683\" src=\"https:\/\/www.fundacio-stampfli.org\/wp-content\/uploads\/2025\/07\/LaFundacio.jpg\" alt=\"\" class=\"kb-img wp-image-407\" srcset=\"https:\/\/www.fundacio-stampfli.org\/wp-content\/uploads\/2025\/07\/LaFundacio.jpg 1029w, https:\/\/www.fundacio-stampfli.org\/wp-content\/uploads\/2025\/07\/LaFundacio-300x199.jpg 300w, https:\/\/www.fundacio-stampfli.org\/wp-content\/uploads\/2025\/07\/LaFundacio-1024x680.jpg 1024w, https:\/\/www.fundacio-stampfli.org\/wp-content\/uploads\/2025\/07\/LaFundacio-768x510.jpg 768w\" sizes=\"auto, (max-width: 1029px) 100vw, 1029px\" \/><\/figure>\n\n\n<style>.kb-image175_54aa83-d3 .kb-image-has-overlay:after{opacity:0.3;}<\/style>\n<figure class=\"wp-block-kadence-image kb-image175_54aa83-d3 size-full\"><img loading=\"lazy\" decoding=\"async\" width=\"2560\" height=\"1441\" src=\"https:\/\/www.fundacio-stampfli.org\/wp-content\/uploads\/2025\/07\/Foto1-scaled.jpg\" alt=\"\" class=\"kb-img wp-image-378\" srcset=\"https:\/\/www.fundacio-stampfli.org\/wp-content\/uploads\/2025\/07\/Foto1-scaled.jpg 2560w, https:\/\/www.fundacio-stampfli.org\/wp-content\/uploads\/2025\/07\/Foto1-300x169.jpg 300w, https:\/\/www.fundacio-stampfli.org\/wp-content\/uploads\/2025\/07\/Foto1-1024x577.jpg 1024w, https:\/\/www.fundacio-stampfli.org\/wp-content\/uploads\/2025\/07\/Foto1-768x432.jpg 768w, https:\/\/www.fundacio-stampfli.org\/wp-content\/uploads\/2025\/07\/Foto1-1536x865.jpg 1536w, https:\/\/www.fundacio-stampfli.org\/wp-content\/uploads\/2025\/07\/Foto1-2048x1153.jpg 2048w\" sizes=\"auto, (max-width: 2560px) 100vw, 2560px\" \/><\/figure>\n\n\n<style>.kb-image175_ee7ca6-29 .kb-image-has-overlay:after{opacity:0.3;}<\/style>\n<figure class=\"wp-block-kadence-image kb-image175_ee7ca6-29 size-full\"><img loading=\"lazy\" decoding=\"async\" width=\"1600\" height=\"1067\" src=\"https:\/\/www.fundacio-stampfli.org\/wp-content\/uploads\/2025\/07\/I8A5022.jpg\" alt=\"\" class=\"kb-img wp-image-162\" srcset=\"https:\/\/www.fundacio-stampfli.org\/wp-content\/uploads\/2025\/07\/I8A5022.jpg 1600w, https:\/\/www.fundacio-stampfli.org\/wp-content\/uploads\/2025\/07\/I8A5022-300x200.jpg 300w, https:\/\/www.fundacio-stampfli.org\/wp-content\/uploads\/2025\/07\/I8A5022-1024x683.jpg 1024w, https:\/\/www.fundacio-stampfli.org\/wp-content\/uploads\/2025\/07\/I8A5022-768x512.jpg 768w, https:\/\/www.fundacio-stampfli.org\/wp-content\/uploads\/2025\/07\/I8A5022-1536x1024.jpg 1536w\" sizes=\"auto, (max-width: 1600px) 100vw, 1600px\" \/><\/figure>\n<\/div><\/div>\n\n<\/div><\/div>\n<p><\/p>\n","protected":false},"excerpt":{"rendered":"<p>La Fondation La Fondation St\u00e4mpfli est constitu\u00e9e d\u2019un conseil d\u2019administration, compos\u00e9 du m\u00eame couple, Pere et Anna Maria St\u00e4mpfli, et du notaire Llu\u00eds Jou, ancien directeur de la Politique Linguistique de la Generalitat. En m\u00eame temps, elle compte avec un Conseil Consultatif compos\u00e9 de Serge Lemoine, ancien directeur de l\u2019Orsay ; Henry-Claude Cousseau, ancien directeur&#8230;<\/p>\n","protected":false},"author":1,"featured_media":0,"parent":0,"menu_order":0,"comment_status":"closed","ping_status":"closed","template":"","meta":{"_acf_changed":false,"inline_featured_image":false,"_kad_blocks_custom_css":"","_kad_blocks_head_custom_js":"","_kad_blocks_body_custom_js":"","_kad_blocks_footer_custom_js":"","_kad_post_transparent":"","_kad_post_title":"","_kad_post_layout":"","_kad_post_sidebar_id":"","_kad_post_content_style":"","_kad_post_vertical_padding":"","_kad_post_feature":"","_kad_post_feature_position":"","_kad_post_header":false,"_kad_post_footer":false,"_kad_post_classname":"","footnotes":""},"class_list":["post-956","page","type-page","status-publish","hentry"],"acf":[],"yoast_head":"<!-- This site is optimized with the Yoast SEO plugin v26.8 - https:\/\/yoast.com\/product\/yoast-seo-wordpress\/ -->\n<title>- Fundaci\u00f3 St\u00e4mpfli<\/title>\n<meta name=\"robots\" content=\"index, follow, max-snippet:-1, max-image-preview:large, max-video-preview:-1\" \/>\n<link rel=\"canonical\" href=\"https:\/\/www.fundacio-stampfli.org\/fr\/la-fondation\/\" \/>\n<meta property=\"og:locale\" content=\"fr_FR\" \/>\n<meta property=\"og:type\" content=\"article\" \/>\n<meta property=\"og:title\" content=\"- Fundaci\u00f3 St\u00e4mpfli\" \/>\n<meta property=\"og:description\" content=\"La Fondation La Fondation St\u00e4mpfli est constitu\u00e9e d\u2019un conseil d\u2019administration, compos\u00e9 du m\u00eame couple, Pere et Anna Maria St\u00e4mpfli, et du notaire Llu\u00eds Jou, ancien directeur de la Politique Linguistique de la Generalitat. En m\u00eame temps, elle compte avec un Conseil Consultatif compos\u00e9 de Serge Lemoine, ancien directeur de l\u2019Orsay ; Henry-Claude Cousseau, ancien directeur...\" \/>\n<meta property=\"og:url\" content=\"https:\/\/www.fundacio-stampfli.org\/fr\/la-fondation\/\" \/>\n<meta property=\"og:site_name\" content=\"Fundaci\u00f3 St\u00e4mpfli\" \/>\n<meta property=\"article:modified_time\" content=\"2026-02-01T22:47:18+00:00\" \/>\n<meta property=\"og:image\" content=\"https:\/\/www.fundacio-stampfli.org\/wp-content\/uploads\/2025\/07\/LaFundacio.jpg\" \/>\n\t<meta property=\"og:image:width\" content=\"1029\" \/>\n\t<meta property=\"og:image:height\" content=\"683\" \/>\n\t<meta property=\"og:image:type\" content=\"image\/jpeg\" \/>\n<meta name=\"twitter:card\" content=\"summary_large_image\" \/>\n<meta name=\"twitter:label1\" content=\"Dur\u00e9e de lecture estim\u00e9e\" \/>\n\t<meta name=\"twitter:data1\" content=\"3 minutes\" \/>\n<script type=\"application\/ld+json\" class=\"yoast-schema-graph\">{\"@context\":\"https:\/\/schema.org\",\"@graph\":[{\"@type\":\"WebPage\",\"@id\":\"https:\/\/www.fundacio-stampfli.org\/fr\/la-fondation\/\",\"url\":\"https:\/\/www.fundacio-stampfli.org\/fr\/la-fondation\/\",\"name\":\"- Fundaci\u00f3 St\u00e4mpfli\",\"isPartOf\":{\"@id\":\"https:\/\/www.fundacio-stampfli.org\/fr\/#website\"},\"primaryImageOfPage\":{\"@id\":\"https:\/\/www.fundacio-stampfli.org\/fr\/la-fondation\/#primaryimage\"},\"image\":{\"@id\":\"https:\/\/www.fundacio-stampfli.org\/fr\/la-fondation\/#primaryimage\"},\"thumbnailUrl\":\"https:\/\/www.fundacio-stampfli.org\/wp-content\/uploads\/2025\/07\/LaFundacio.jpg\",\"datePublished\":\"2025-07-01T19:53:18+00:00\",\"dateModified\":\"2026-02-01T22:47:18+00:00\",\"inLanguage\":\"fr-FR\",\"potentialAction\":[{\"@type\":\"ReadAction\",\"target\":[\"https:\/\/www.fundacio-stampfli.org\/fr\/la-fondation\/\"]}]},{\"@type\":\"ImageObject\",\"inLanguage\":\"fr-FR\",\"@id\":\"https:\/\/www.fundacio-stampfli.org\/fr\/la-fondation\/#primaryimage\",\"url\":\"https:\/\/www.fundacio-stampfli.org\/wp-content\/uploads\/2025\/07\/LaFundacio.jpg\",\"contentUrl\":\"https:\/\/www.fundacio-stampfli.org\/wp-content\/uploads\/2025\/07\/LaFundacio.jpg\"},{\"@type\":\"WebSite\",\"@id\":\"https:\/\/www.fundacio-stampfli.org\/fr\/#website\",\"url\":\"https:\/\/www.fundacio-stampfli.org\/fr\/\",\"name\":\"Fundaci\u00f3 St\u00e4mpfli\",\"description\":\"\",\"publisher\":{\"@id\":\"https:\/\/www.fundacio-stampfli.org\/fr\/#organization\"},\"potentialAction\":[{\"@type\":\"SearchAction\",\"target\":{\"@type\":\"EntryPoint\",\"urlTemplate\":\"https:\/\/www.fundacio-stampfli.org\/fr\/?s={search_term_string}\"},\"query-input\":{\"@type\":\"PropertyValueSpecification\",\"valueRequired\":true,\"valueName\":\"search_term_string\"}}],\"inLanguage\":\"fr-FR\"},{\"@type\":\"Organization\",\"@id\":\"https:\/\/www.fundacio-stampfli.org\/fr\/#organization\",\"name\":\"Fundaci\u00f3 St\u00e4mpfli\",\"url\":\"https:\/\/www.fundacio-stampfli.org\/fr\/\",\"logo\":{\"@type\":\"ImageObject\",\"inLanguage\":\"fr-FR\",\"@id\":\"https:\/\/www.fundacio-stampfli.org\/fr\/#\/schema\/logo\/image\/\",\"url\":\"https:\/\/www.fundacio-stampfli.org\/wp-content\/uploads\/2025\/07\/logo_fondo.svg\",\"contentUrl\":\"https:\/\/www.fundacio-stampfli.org\/wp-content\/uploads\/2025\/07\/logo_fondo.svg\",\"width\":100,\"height\":100,\"caption\":\"Fundaci\u00f3 St\u00e4mpfli\"},\"image\":{\"@id\":\"https:\/\/www.fundacio-stampfli.org\/fr\/#\/schema\/logo\/image\/\"}}]}<\/script>\n<!-- \/ Yoast SEO plugin. -->","yoast_head_json":{"title":"- Fundaci\u00f3 St\u00e4mpfli","robots":{"index":"index","follow":"follow","max-snippet":"max-snippet:-1","max-image-preview":"max-image-preview:large","max-video-preview":"max-video-preview:-1"},"canonical":"https:\/\/www.fundacio-stampfli.org\/fr\/la-fondation\/","og_locale":"fr_FR","og_type":"article","og_title":"- Fundaci\u00f3 St\u00e4mpfli","og_description":"La Fondation La Fondation St\u00e4mpfli est constitu\u00e9e d\u2019un conseil d\u2019administration, compos\u00e9 du m\u00eame couple, Pere et Anna Maria St\u00e4mpfli, et du notaire Llu\u00eds Jou, ancien directeur de la Politique Linguistique de la Generalitat. En m\u00eame temps, elle compte avec un Conseil Consultatif compos\u00e9 de Serge Lemoine, ancien directeur de l\u2019Orsay ; Henry-Claude Cousseau, ancien directeur...","og_url":"https:\/\/www.fundacio-stampfli.org\/fr\/la-fondation\/","og_site_name":"Fundaci\u00f3 St\u00e4mpfli","article_modified_time":"2026-02-01T22:47:18+00:00","og_image":[{"width":1029,"height":683,"url":"https:\/\/www.fundacio-stampfli.org\/wp-content\/uploads\/2025\/07\/LaFundacio.jpg","type":"image\/jpeg"}],"twitter_card":"summary_large_image","twitter_misc":{"Dur\u00e9e de lecture estim\u00e9e":"3 minutes"},"schema":{"@context":"https:\/\/schema.org","@graph":[{"@type":"WebPage","@id":"https:\/\/www.fundacio-stampfli.org\/fr\/la-fondation\/","url":"https:\/\/www.fundacio-stampfli.org\/fr\/la-fondation\/","name":"- Fundaci\u00f3 St\u00e4mpfli","isPartOf":{"@id":"https:\/\/www.fundacio-stampfli.org\/fr\/#website"},"primaryImageOfPage":{"@id":"https:\/\/www.fundacio-stampfli.org\/fr\/la-fondation\/#primaryimage"},"image":{"@id":"https:\/\/www.fundacio-stampfli.org\/fr\/la-fondation\/#primaryimage"},"thumbnailUrl":"https:\/\/www.fundacio-stampfli.org\/wp-content\/uploads\/2025\/07\/LaFundacio.jpg","datePublished":"2025-07-01T19:53:18+00:00","dateModified":"2026-02-01T22:47:18+00:00","inLanguage":"fr-FR","potentialAction":[{"@type":"ReadAction","target":["https:\/\/www.fundacio-stampfli.org\/fr\/la-fondation\/"]}]},{"@type":"ImageObject","inLanguage":"fr-FR","@id":"https:\/\/www.fundacio-stampfli.org\/fr\/la-fondation\/#primaryimage","url":"https:\/\/www.fundacio-stampfli.org\/wp-content\/uploads\/2025\/07\/LaFundacio.jpg","contentUrl":"https:\/\/www.fundacio-stampfli.org\/wp-content\/uploads\/2025\/07\/LaFundacio.jpg"},{"@type":"WebSite","@id":"https:\/\/www.fundacio-stampfli.org\/fr\/#website","url":"https:\/\/www.fundacio-stampfli.org\/fr\/","name":"Fundaci\u00f3 St\u00e4mpfli","description":"","publisher":{"@id":"https:\/\/www.fundacio-stampfli.org\/fr\/#organization"},"potentialAction":[{"@type":"SearchAction","target":{"@type":"EntryPoint","urlTemplate":"https:\/\/www.fundacio-stampfli.org\/fr\/?s={search_term_string}"},"query-input":{"@type":"PropertyValueSpecification","valueRequired":true,"valueName":"search_term_string"}}],"inLanguage":"fr-FR"},{"@type":"Organization","@id":"https:\/\/www.fundacio-stampfli.org\/fr\/#organization","name":"Fundaci\u00f3 St\u00e4mpfli","url":"https:\/\/www.fundacio-stampfli.org\/fr\/","logo":{"@type":"ImageObject","inLanguage":"fr-FR","@id":"https:\/\/www.fundacio-stampfli.org\/fr\/#\/schema\/logo\/image\/","url":"https:\/\/www.fundacio-stampfli.org\/wp-content\/uploads\/2025\/07\/logo_fondo.svg","contentUrl":"https:\/\/www.fundacio-stampfli.org\/wp-content\/uploads\/2025\/07\/logo_fondo.svg","width":100,"height":100,"caption":"Fundaci\u00f3 St\u00e4mpfli"},"image":{"@id":"https:\/\/www.fundacio-stampfli.org\/fr\/#\/schema\/logo\/image\/"}}]}},"taxonomy_info":[],"featured_image_src_large":false,"author_info":{"display_name":"jordi","author_link":"https:\/\/www.fundacio-stampfli.org\/fr\/author\/jordi\/"},"comment_info":0,"_links":{"self":[{"href":"https:\/\/www.fundacio-stampfli.org\/fr\/wp-json\/wp\/v2\/pages\/956","targetHints":{"allow":["GET"]}}],"collection":[{"href":"https:\/\/www.fundacio-stampfli.org\/fr\/wp-json\/wp\/v2\/pages"}],"about":[{"href":"https:\/\/www.fundacio-stampfli.org\/fr\/wp-json\/wp\/v2\/types\/page"}],"author":[{"embeddable":true,"href":"https:\/\/www.fundacio-stampfli.org\/fr\/wp-json\/wp\/v2\/users\/1"}],"replies":[{"embeddable":true,"href":"https:\/\/www.fundacio-stampfli.org\/fr\/wp-json\/wp\/v2\/comments?post=956"}],"version-history":[{"count":2,"href":"https:\/\/www.fundacio-stampfli.org\/fr\/wp-json\/wp\/v2\/pages\/956\/revisions"}],"predecessor-version":[{"id":1995,"href":"https:\/\/www.fundacio-stampfli.org\/fr\/wp-json\/wp\/v2\/pages\/956\/revisions\/1995"}],"wp:attachment":[{"href":"https:\/\/www.fundacio-stampfli.org\/fr\/wp-json\/wp\/v2\/media?parent=956"}],"curies":[{"name":"wp","href":"https:\/\/api.w.org\/{rel}","templated":true}]}}